{"id":72,"date":"2020-10-16T16:54:51","date_gmt":"2020-10-16T16:54:51","guid":{"rendered":"http:\/\/steelchallenge.pl\/?page_id=72"},"modified":"2020-10-17T13:12:16","modified_gmt":"2020-10-17T13:12:16","slug":"linki","status":"publish","type":"page","link":"https:\/\/steelchallenge.pl\/en\/linki\/","title":{"rendered":"LINKS"},"content":{"rendered":"<pre class=\"wp-block-code\"><code><div style=\"clear:both;\"><\/div><div id=\"list-wplf\" class=\"listid-wplf wplf-display\"><div id=\"wplf_list-item-0\" class=\"list-item wplf-item\">\r\n\t\t\t\t<a class=\"wplf_link\" href=\"https:\/\/www.facebook.com\/zapachprochu\" target=\"_blank\">\r\n\t\t\t\t<div class=\"list-img\"><img width=\"300\" height=\"195\" src=\"https:\/\/steelchallenge.pl\/wp-content\/uploads\/2020\/10\/ZPface-300x195.jpg\" class=\"attachment-medium size-medium\" alt=\"\" loading=\"lazy\" style=\"box-shadow: 0 5px 10px 0 rgba(0,0,0,0.2),0 5px 15px 0 rgba(0,0,0,0.19);\" srcset=\"https:\/\/steelchallenge.pl\/wp-content\/uploads\/2020\/10\/ZPface-300x195.jpg 300w, https:\/\/steelchallenge.pl\/wp-content\/uploads\/2020\/10\/ZPface-768x500.jpg 768w, https:\/\/steelchallenge.pl\/wp-content\/uploads\/2020\/10\/ZPface-1024x667.jpg 1024w\" sizes=\"(max-width: 300px) 100vw, 300px\" \/><\/div>\r\n\t\t\t\t<p class=\"wplf_display\" style=\"text-align: center\" >https:\/\/www.facebook.com\/zapachprochu<\/p>\r\n\t\t\t\t<\/a><p class=\"wplf_desc\" style=\"text-align: center\">Strona Zapach prochu na Facebooku.<\/p>\r\n\t\t\t\t<\/div>\r\n\t\t\t\t<hr><div id=\"wplf_list-item-1\" class=\"list-item wplf-item\">\r\n\t\t\t\t<a class=\"wplf_link\" href=\"https:\/\/www.facebook.com\/SteelShootersPoland\" target=\"_blank\">\r\n\t\t\t\t<div class=\"list-img\"><img width=\"300\" height=\"99\" src=\"https:\/\/steelchallenge.pl\/wp-content\/uploads\/2020\/10\/logo-facebook-nowe-650x214-300x99.png\" class=\"attachment-medium size-medium\" alt=\"\" loading=\"lazy\" style=\"box-shadow: 0 5px 10px 0 rgba(0,0,0,0.2),0 5px 15px 0 rgba(0,0,0,0.19);\" srcset=\"https:\/\/steelchallenge.pl\/wp-content\/uploads\/2020\/10\/logo-facebook-nowe-650x214-300x99.png 300w, https:\/\/steelchallenge.pl\/wp-content\/uploads\/2020\/10\/logo-facebook-nowe-650x214.png 650w\" sizes=\"(max-width: 300px) 100vw, 300px\" \/><\/div>\r\n\t\t\t\t<p class=\"wplf_display\" style=\"text-align: center\" >https:\/\/www.facebook.com\/SteelShootersPoland<\/p>\r\n\t\t\t\t<\/a><p class=\"wplf_desc\" style=\"text-align: center\">Strona klubu Steel Shooters Poland na Facebooku.<\/p>\r\n\t\t\t\t<\/div>\r\n\t\t\t\t<hr><div id=\"wplf_list-item-2\" class=\"list-item wplf-item\">\r\n\t\t\t\t<a class=\"wplf_link\" href=\"https:\/\/practiscore.com\/clubs\/zapach_prochu\" target=\"_blank\">\r\n\t\t\t\t<div class=\"list-img\"><img width=\"300\" height=\"158\" src=\"https:\/\/steelchallenge.pl\/wp-content\/uploads\/2020\/10\/safe_image-300x158.jpg\" class=\"attachment-medium size-medium\" alt=\"\" loading=\"lazy\" style=\"box-shadow: 0 5px 10px 0 rgba(0,0,0,0.2),0 5px 15px 0 rgba(0,0,0,0.19);\" srcset=\"https:\/\/steelchallenge.pl\/wp-content\/uploads\/2020\/10\/safe_image-300x158.jpg 300w, https:\/\/steelchallenge.pl\/wp-content\/uploads\/2020\/10\/safe_image-768x403.jpg 768w, https:\/\/steelchallenge.pl\/wp-content\/uploads\/2020\/10\/safe_image-1024x538.jpg 1024w, https:\/\/steelchallenge.pl\/wp-content\/uploads\/2020\/10\/safe_image.jpg 1200w\" sizes=\"(max-width: 300px) 100vw, 300px\" \/><\/div>\r\n\t\t\t\t<p class=\"wplf_display\" style=\"text-align: center\" >https:\/\/practiscore.com\/clubs\/zapach_prochu<\/p>\r\n\t\t\t\t<\/a><p class=\"wplf_desc\" style=\"text-align: center\">Strona do rejestracji na nasze zawody.<\/p>\r\n\t\t\t\t<\/div>\r\n\t\t\t\t<hr><div id=\"wplf_list-item-3\" class=\"list-item wplf-item\">\r\n\t\t\t\t<a class=\"wplf_link\" href=\"https:\/\/www.youtube.com\/channel\/UCgxAhkmXrdlFAsUsutivGDw\" target=\"_blank\">\r\n\t\t\t\t<div class=\"list-img\"><img width=\"300\" height=\"120\" src=\"https:\/\/steelchallenge.pl\/wp-content\/uploads\/2020\/10\/1200px-Logo_of_YouTube_2005-2011.svg_-300x120.png\" class=\"attachment-medium size-medium\" alt=\"\" loading=\"lazy\" style=\"box-shadow: 0 5px 10px 0 rgba(0,0,0,0.2),0 5px 15px 0 rgba(0,0,0,0.19);\" srcset=\"https:\/\/steelchallenge.pl\/wp-content\/uploads\/2020\/10\/1200px-Logo_of_YouTube_2005-2011.svg_-300x120.png 300w, https:\/\/steelchallenge.pl\/wp-content\/uploads\/2020\/10\/1200px-Logo_of_YouTube_2005-2011.svg_-768x306.png 768w, https:\/\/steelchallenge.pl\/wp-content\/uploads\/2020\/10\/1200px-Logo_of_YouTube_2005-2011.svg_-1024x408.png 1024w, https:\/\/steelchallenge.pl\/wp-content\/uploads\/2020\/10\/1200px-Logo_of_YouTube_2005-2011.svg_.png 1200w\" sizes=\"(max-width: 300px) 100vw, 300px\" \/><\/div>\r\n\t\t\t\t<p class=\"wplf_display\" style=\"text-align: center\" >https:\/\/www.youtube.com\/channel\/UCgxAhkmXrdlFAsUsutivGDw<\/p>\r\n\t\t\t\t<\/a><p class=\"wplf_desc\" style=\"text-align: center\">M\u00f3j Youtube, na kt\u00f3rym wrzucam filmy z zawod\u00f3w.<\/p>\r\n\t\t\t\t<\/div>\r\n\t\t\t\t<hr><div id=\"wplf_list-item-4\" class=\"list-item wplf-item\">\r\n\t\t\t\t<a class=\"wplf_link\" href=\"https:\/\/sksardea.pl\/\" target=\"_blank\">\r\n\t\t\t\t<div class=\"list-img\"><img width=\"300\" height=\"132\" src=\"https:\/\/steelchallenge.pl\/wp-content\/uploads\/2020\/10\/unnamed-1-300x132.png\" class=\"attachment-medium size-medium\" alt=\"\" loading=\"lazy\" style=\"box-shadow: 0 5px 10px 0 rgba(0,0,0,0.2),0 5px 15px 0 rgba(0,0,0,0.19);\" srcset=\"https:\/\/steelchallenge.pl\/wp-content\/uploads\/2020\/10\/unnamed-1-300x132.png 300w, https:\/\/steelchallenge.pl\/wp-content\/uploads\/2020\/10\/unnamed-1.png 320w\" sizes=\"(max-width: 300px) 100vw, 300px\" \/><\/div>\r\n\t\t\t\t<p class=\"wplf_display\" style=\"text-align: center\" >https:\/\/sksardea.pl\/<\/p>\r\n\t\t\t\t<\/a><p class=\"wplf_desc\" style=\"text-align: center\">M\u00f3j Strzelecki Klub Sportowy &#8222;ARDEA&#8221;<\/p>\r\n\t\t\t\t<\/div>\r\n\t\t\t\t<hr><div id=\"wplf_list-item-5\" class=\"list-item wplf-item\">\r\n\t\t\t\t<a class=\"wplf_link\" href=\"https:\/\/scsa.org\/\" target=\"_blank\">\r\n\t\t\t\t<div class=\"list-img\"><img width=\"300\" height=\"158\" src=\"https:\/\/steelchallenge.pl\/wp-content\/uploads\/2020\/10\/SCSA-Logo_rgb-300x158.png\" class=\"attachment-medium size-medium\" alt=\"\" loading=\"lazy\" style=\"box-shadow: 0 5px 10px 0 rgba(0,0,0,0.2),0 5px 15px 0 rgba(0,0,0,0.19);\" srcset=\"https:\/\/steelchallenge.pl\/wp-content\/uploads\/2020\/10\/SCSA-Logo_rgb-300x158.png 300w, https:\/\/steelchallenge.pl\/wp-content\/uploads\/2020\/10\/SCSA-Logo_rgb-768x405.png 768w, https:\/\/steelchallenge.pl\/wp-content\/uploads\/2020\/10\/SCSA-Logo_rgb-1024x540.png 1024w, https:\/\/steelchallenge.pl\/wp-content\/uploads\/2020\/10\/SCSA-Logo_rgb.png 1734w\" sizes=\"(max-width: 300px) 100vw, 300px\" \/><\/div>\r\n\t\t\t\t<p class=\"wplf_display\" style=\"text-align: center\" >https:\/\/scsa.org\/<\/p>\r\n\t\t\t\t<\/a><p class=\"wplf_desc\" style=\"text-align: center\">Steel Challenge Shooting&nbsp;Association.<\/p>\r\n\t\t\t\t<\/div>\r\n\t\t\t\t<hr><div id=\"wplf_list-item-6\" class=\"list-item wplf-item\">\r\n\t\t\t\t<a class=\"wplf_link\" href=\"https:\/\/zapachprochu.com\/\" target=\"_blank\">\r\n\t\t\t\t<div class=\"list-img\"><img width=\"300\" height=\"196\" src=\"https:\/\/steelchallenge.pl\/wp-content\/uploads\/2020\/10\/ZP1-300x196.jpg\" class=\"attachment-medium size-medium\" alt=\"\" loading=\"lazy\" style=\"box-shadow: 0 5px 10px 0 rgba(0,0,0,0.2),0 5px 15px 0 rgba(0,0,0,0.19);\" srcset=\"https:\/\/steelchallenge.pl\/wp-content\/uploads\/2020\/10\/ZP1-300x196.jpg 300w, https:\/\/steelchallenge.pl\/wp-content\/uploads\/2020\/10\/ZP1.jpg 567w\" sizes=\"(max-width: 300px) 100vw, 300px\" \/><\/div>\r\n\t\t\t\t<p class=\"wplf_display\" style=\"text-align: center\" >https:\/\/zapachprochu.com\/<\/p>\r\n\t\t\t\t<\/a><p class=\"wplf_desc\" style=\"text-align: center\">Zapach Prochu, strona www.<\/p>\r\n\t\t\t\t<\/div>\r\n\t\t\t\t<hr><\/div><div style=\"clear:both;\"><\/div><\/code><\/pre>","protected":false},"excerpt":{"rendered":"","protected":false},"author":1,"featured_media":0,"parent":0,"menu_order":0,"comment_status":"closed","ping_status":"closed","template":"","meta":{"ngg_post_thumbnail":0},"_links":{"self":[{"href":"https:\/\/steelchallenge.pl\/en\/wp-json\/wp\/v2\/pages\/72"}],"collection":[{"href":"https:\/\/steelchallenge.pl\/en\/wp-json\/wp\/v2\/pages"}],"about":[{"href":"https:\/\/steelchallenge.pl\/en\/wp-json\/wp\/v2\/types\/page"}],"author":[{"embeddable":true,"href":"https:\/\/steelchallenge.pl\/en\/wp-json\/wp\/v2\/users\/1"}],"replies":[{"embeddable":true,"href":"https:\/\/steelchallenge.pl\/en\/wp-json\/wp\/v2\/comments?post=72"}],"version-history":[{"count":16,"href":"https:\/\/steelchallenge.pl\/en\/wp-json\/wp\/v2\/pages\/72\/revisions"}],"predecessor-version":[{"id":519,"href":"https:\/\/steelchallenge.pl\/en\/wp-json\/wp\/v2\/pages\/72\/revisions\/519"}],"wp:attachment":[{"href":"https:\/\/steelchallenge.pl\/en\/wp-json\/wp\/v2\/media?parent=72"}],"curies":[{"name":"wp","href":"https:\/\/api.w.org\/{rel}","templated":true}]}}