{"id":71,"date":"2020-10-16T16:54:51","date_gmt":"2020-10-16T16:54:51","guid":{"rendered":"http:\/\/steelchallenge.pl\/?page_id=71"},"modified":"2021-04-05T18:52:28","modified_gmt":"2021-04-05T18:52:28","slug":"zapach-prochu","status":"publish","type":"page","link":"https:\/\/steelchallenge.pl\/en\/zapach-prochu\/","title":{"rendered":"ZAPACH PROCHU"},"content":{"rendered":"<div class=\"wp-block-media-text alignfull\"><figure class=\"wp-block-media-text__media\"><img loading=\"lazy\" width=\"1024\" height=\"768\" src=\"http:\/\/steelchallenge.pl\/wp-content\/uploads\/2020\/10\/IMG_1865-1024x768.jpg\" alt=\"\" class=\"wp-image-476\" srcset=\"https:\/\/steelchallenge.pl\/wp-content\/uploads\/2020\/10\/IMG_1865-1024x768.jpg 1024w, https:\/\/steelchallenge.pl\/wp-content\/uploads\/2020\/10\/IMG_1865-300x225.jpg 300w, https:\/\/steelchallenge.pl\/wp-content\/uploads\/2020\/10\/IMG_1865-768x576.jpg 768w\" sizes=\"(max-width: 1024px) 100vw, 1024px\" \/><\/figure><div class=\"wp-block-media-text__content\">\n<p class=\"has-text-align-center has-large-font-size\"><strong>Micha\u0142 \u201eRo\u017cek\u201d Ro\u017cy\u0144ski.<\/strong><\/p>\n\n\n\n<p class=\"has-text-align-center\"><strong>I am a retired Police officer, shooting instructor, range officer and handyman \ud83d\ude42<\/strong><\/p>\n\n\n\n<p class=\"has-text-align-center\"><strong>I am also a co-founder and board member of the ARDEA Shooting Club and a co-founder of the first club in this part of Europe subordinate to the American organization USPSA, Steel Shooters Poland.<\/strong><\/p>\n<\/div><\/div>\n\n\n<p><\/p>\n<p style=\"text-align: center;\"><strong>My company, Zapach Prochu (Smell of Gunpowder) Micha\u0142 Ro\u017cy\u0144ski, was founded out of love for practical shooting sports. I run training programmes dealing with all aspects of practical shooting. Taking beginners, for example, through the fundamentals of marksmanship, including safety, shooting theory, competition rules and practical demonstrations leading up to the moment they take their first shots. I also organize shooting events, including birthday parties, bachelor parties and \"gift shooting lessons\".<\/strong><\/p>\n<p style=\"text-align: center;\"><strong>I conduct training in the sport shooting disciplines of IPSC and Steel Challenge.<\/strong><\/p>\n<p style=\"text-align: center;\"><strong>Together with my wife Monika Makowska, we are professional organizers of the Steel Challenge competition in Poland under affiliation of  the Steel Challenge Shooting Association\/United States Practical Shooting Association.<\/strong><\/p>\n<p><strong>Feel free to contact me!!!<\/strong><\/p>\n<p><strong><a href=\"mailto:info@zapachprochu.com\">info@zapachprochu.com<\/a><\/strong><\/p>\n<p><strong><a href=\"mailto:info@steelchallenge.pl\">info@steelchallenge.pl<\/a><\/strong><\/p>\n<p><strong>+48501711142<\/strong><\/p>","protected":false},"excerpt":{"rendered":"<p>Micha\u0142 \u201eRo\u017cek\u201d Ro\u017cy\u0144ski. Jestem emerytowanym funkcjonariuszem Policji, instruktorem strzelectwa, s\u0119dzi\u0105 strzelectwa sportowego i z\u0142ot\u0105 r\u0105czk\u0105 \ud83d\ude42 Jestem tak\u017ce wsp\u00f3\u0142za\u0142o\u017cycielem i cz\u0142onkiem Zarz\u0105du Strzeleckiego Klubu Sportowego \u201eARDEA\u201d oraz wsp\u00f3\u0142za\u0142o\u017cycielem pierwszego w tej cz\u0119\u015bci Europy klubu podleg\u0142ego ameryka\u0144skiej organizacji USPSA, Steel Shooters Poland. Moja firma, Zapach Prochu Micha\u0142 Ro\u017cy\u0144ski, powsta\u0142a z mi\u0142o\u015bci [&hellip;]<\/p>","protected":false},"author":1,"featured_media":0,"parent":0,"menu_order":0,"comment_status":"closed","ping_status":"closed","template":"","meta":{"ngg_post_thumbnail":0},"_links":{"self":[{"href":"https:\/\/steelchallenge.pl\/en\/wp-json\/wp\/v2\/pages\/71"}],"collection":[{"href":"https:\/\/steelchallenge.pl\/en\/wp-json\/wp\/v2\/pages"}],"about":[{"href":"https:\/\/steelchallenge.pl\/en\/wp-json\/wp\/v2\/types\/page"}],"author":[{"embeddable":true,"href":"https:\/\/steelchallenge.pl\/en\/wp-json\/wp\/v2\/users\/1"}],"replies":[{"embeddable":true,"href":"https:\/\/steelchallenge.pl\/en\/wp-json\/wp\/v2\/comments?post=71"}],"version-history":[{"count":11,"href":"https:\/\/steelchallenge.pl\/en\/wp-json\/wp\/v2\/pages\/71\/revisions"}],"predecessor-version":[{"id":1092,"href":"https:\/\/steelchallenge.pl\/en\/wp-json\/wp\/v2\/pages\/71\/revisions\/1092"}],"wp:attachment":[{"href":"https:\/\/steelchallenge.pl\/en\/wp-json\/wp\/v2\/media?parent=71"}],"curies":[{"name":"wp","href":"https:\/\/api.w.org\/{rel}","templated":true}]}}