{"id":67,"date":"2020-10-16T16:38:16","date_gmt":"2020-10-16T16:38:16","guid":{"rendered":"http:\/\/steelchallenge.pl\/?page_id=67"},"modified":"2020-10-23T08:16:03","modified_gmt":"2020-10-23T08:16:03","slug":"steel-shooters-poland","status":"publish","type":"page","link":"https:\/\/steelchallenge.pl\/en\/steel-shooters-poland\/","title":{"rendered":"STEEL SHOOTERS POLAND"},"content":{"rendered":"<div class=\"wp-block-media-text alignfull\"><figure class=\"wp-block-media-text__media\"><img loading=\"lazy\" width=\"1024\" height=\"791\" src=\"http:\/\/steelchallenge.pl\/wp-content\/uploads\/2020\/10\/cert-1024x791.jpg\" alt=\"\" class=\"wp-image-503\" srcset=\"https:\/\/steelchallenge.pl\/wp-content\/uploads\/2020\/10\/cert-1024x791.jpg 1024w, https:\/\/steelchallenge.pl\/wp-content\/uploads\/2020\/10\/cert-300x232.jpg 300w, https:\/\/steelchallenge.pl\/wp-content\/uploads\/2020\/10\/cert-768x593.jpg 768w, https:\/\/steelchallenge.pl\/wp-content\/uploads\/2020\/10\/cert.jpg 1396w\" sizes=\"(max-width: 1024px) 100vw, 1024px\" \/><\/figure><div class=\"wp-block-media-text__content\">\n<p><strong>We are a group of Steel Challenge shooting enthusiasts.<\/strong><\/p>\n\n\n\n<p><strong>On August 1, 2020 we registered our club, Steel Shooters Poland, the first club in Poland and currently the only club in Central Europe officially associated with the Steel Challenge Shooting Association (SCSA), part of the United States Practical Shooting Association (USPSA).<\/strong><\/p>\n<\/div><\/div>","protected":false},"excerpt":{"rendered":"<p>Jeste\u015bmy grup\u0105 entuzjast\u00f3w strzelania Steel Challenge. 1 sierpnia 2020 roku zarejestrowali\u015bmy nasz klub Steel Shooters Poland, pierwszy klub w Polsce i obecnie jedyny w Europie \u015arodkowej oficjalnie zrzeszony w Steel Challenge Shooting Association (SCSA), b\u0119d\u0105ce cz\u0119\u015bci\u0105 United States Practical Shooting Association (USPSA) .<\/p>","protected":false},"author":1,"featured_media":0,"parent":0,"menu_order":0,"comment_status":"closed","ping_status":"closed","template":"","meta":{"ngg_post_thumbnail":0},"_links":{"self":[{"href":"https:\/\/steelchallenge.pl\/en\/wp-json\/wp\/v2\/pages\/67"}],"collection":[{"href":"https:\/\/steelchallenge.pl\/en\/wp-json\/wp\/v2\/pages"}],"about":[{"href":"https:\/\/steelchallenge.pl\/en\/wp-json\/wp\/v2\/types\/page"}],"author":[{"embeddable":true,"href":"https:\/\/steelchallenge.pl\/en\/wp-json\/wp\/v2\/users\/1"}],"replies":[{"embeddable":true,"href":"https:\/\/steelchallenge.pl\/en\/wp-json\/wp\/v2\/comments?post=67"}],"version-history":[{"count":5,"href":"https:\/\/steelchallenge.pl\/en\/wp-json\/wp\/v2\/pages\/67\/revisions"}],"predecessor-version":[{"id":659,"href":"https:\/\/steelchallenge.pl\/en\/wp-json\/wp\/v2\/pages\/67\/revisions\/659"}],"wp:attachment":[{"href":"https:\/\/steelchallenge.pl\/en\/wp-json\/wp\/v2\/media?parent=67"}],"curies":[{"name":"wp","href":"https:\/\/api.w.org\/{rel}","templated":true}]}}