{"id":6,"date":"2020-10-16T15:20:44","date_gmt":"2020-10-16T15:20:44","guid":{"rendered":"http:\/\/steelchallenge.pl\/?page_id=6"},"modified":"2020-10-19T17:14:56","modified_gmt":"2020-10-19T17:14:56","slug":"strona-glowna","status":"publish","type":"page","link":"https:\/\/steelchallenge.pl\/en\/","title":{"rendered":"Home"},"content":{"rendered":"<div class=\"col-md-5\">\n<p style=\"text-align: center;\"><strong>WELCOME TO THE WORLD OF SPORT SHOOTING ACCORDING TO THE STEEL CHALLENGE RULES.<\/strong><\/p>\n<p style=\"text-align: center;\">Competition organized by Zapach prochu Michal Rozynski<\/p>\n<\/div>\n<div class=\"col-md-6 col-md-offset-1\"><\/div>\n\n\n<div class=\"wp-block-button aligncenter\"><a class=\"wp-block-button__link has-accent-background-color has-background no-border-radius\" href=\"https:\/\/steelchallenge.pl\/en\/index.php\/events\/\"><strong>COMPETITION AND EVENT CALLENDAR<\/strong><\/a><\/div>","protected":false},"excerpt":{"rendered":"<p>WITAJ W \u015aWIECIE STRZELECTWA SPORTOWEGO WED\u0141UG PRZEPIS\u00d3W STEEL CHALLENGE. Zawody organizowane przez Zapach prochu Micha\u0142 Ro\u017cy\u0144ski.<\/p>","protected":false},"author":1,"featured_media":43,"parent":0,"menu_order":0,"comment_status":"closed","ping_status":"closed","template":"","meta":{"ngg_post_thumbnail":0},"_links":{"self":[{"href":"https:\/\/steelchallenge.pl\/en\/wp-json\/wp\/v2\/pages\/6"}],"collection":[{"href":"https:\/\/steelchallenge.pl\/en\/wp-json\/wp\/v2\/pages"}],"about":[{"href":"https:\/\/steelchallenge.pl\/en\/wp-json\/wp\/v2\/types\/page"}],"author":[{"embeddable":true,"href":"https:\/\/steelchallenge.pl\/en\/wp-json\/wp\/v2\/users\/1"}],"replies":[{"embeddable":true,"href":"https:\/\/steelchallenge.pl\/en\/wp-json\/wp\/v2\/comments?post=6"}],"version-history":[{"count":12,"href":"https:\/\/steelchallenge.pl\/en\/wp-json\/wp\/v2\/pages\/6\/revisions"}],"predecessor-version":[{"id":633,"href":"https:\/\/steelchallenge.pl\/en\/wp-json\/wp\/v2\/pages\/6\/revisions\/633"}],"wp:featuredmedia":[{"embeddable":true,"href":"https:\/\/steelchallenge.pl\/en\/wp-json\/wp\/v2\/media\/43"}],"wp:attachment":[{"href":"https:\/\/steelchallenge.pl\/en\/wp-json\/wp\/v2\/media?parent=6"}],"curies":[{"name":"wp","href":"https:\/\/api.w.org\/{rel}","templated":true}]}}