{"id":316,"date":"2020-10-17T06:16:52","date_gmt":"2020-10-17T06:16:52","guid":{"rendered":"http:\/\/steelchallenge.pl\/?page_id=316"},"modified":"2022-01-31T17:19:44","modified_gmt":"2022-01-31T17:19:44","slug":"przepisy","status":"publish","type":"page","link":"https:\/\/steelchallenge.pl\/en\/przepisy\/","title":{"rendered":"RULES"},"content":{"rendered":"<p style=\"text-align: center;\"><strong>Below you will find the original US Steel Challenge rules, my PL translation, the table of differences between the IPSC and the Steel Challenge (in Polish), and the list of Production USPSA handguns.<\/strong><\/p>\n\n<!-- Generated using Document Gallery. Get yours here: http:\/\/wordpress.org\/extend\/plugins\/document-gallery -->\n<div id=\"document-gallery-1\" class=\"document-gallery\" data-shortcode='{\"id\":316,\"include\":\"1096,1097,1083,1098\",\"exclude\":\"\",\"attachment_pg\":false,\"columns\":4,\"descriptions\":true,\"fancy\":true,\"limit\":-1,\"mime_types\":\"application,video,text,audio,image\",\"new_window\":true,\"order\":\"ASC\",\"orderby\":\"post__in\",\"paginate\":true,\"post_status\":\"any\",\"post_type\":\"attachment\",\"relation\":\"AND\",\"skip\":0}'>\n<div class='document-icon-row descriptions'>\n   <div class=\"document-icon\">\n      <a href=\"https:\/\/steelchallenge.pl\/wp-content\/uploads\/2022\/01\/2021-SCSA-Rulebook-March-2021.pdf\" target=\"_blank\">\n         <img src=\"https:\/\/steelchallenge.pl\/wp-content\/uploads\/2022\/01\/2021-SCSA-Rulebook-March-2021-thumb.png\" title=\"2021-SCSA-Rulebook-March-2021\" alt=\"2021-SCSA-Rulebook-March-2021\" data-ext=\"pdf\"\/>\n         <span class=\"title\">2021-SCSA-Rulebook-March-2021<\/span>\n      <\/a>\n   <\/div>\n   <p>Original English-language Steel Challenge rules.<\/p>\n<\/div>\n<div class='document-icon-row descriptions'>\n   <div class=\"document-icon\">\n      <a href=\"https:\/\/steelchallenge.pl\/wp-content\/uploads\/2022\/01\/przepisy-ZP-Steel-Challenge-31.01.2022.pdf\" target=\"_blank\">\n         <img src=\"https:\/\/steelchallenge.pl\/wp-content\/uploads\/2022\/01\/przepisy-ZP-Steel-Challenge-31-01-2022-thumb.png\" title=\"przepisy ZP Steel Challenge, 31.01.2022\" alt=\"przepisy ZP Steel Challenge, 31.01.2022\" data-ext=\"pdf\"\/>\n         <span class=\"title\">przepisy ZP Steel Challenge, 31.01.2022<\/span>\n      <\/a>\n   <\/div>\n   <p>Steel Challenge rules, Polish version.<\/p>\n<\/div>\n<div class='document-icon-row descriptions'>\n   <div class=\"document-icon\">\n      <a href=\"https:\/\/steelchallenge.pl\/wp-content\/uploads\/2021\/03\/roznice-miedzy-SC-a-IPSC.pdf\" target=\"_blank\">\n         <img src=\"https:\/\/steelchallenge.pl\/wp-content\/uploads\/2021\/03\/roznice-miedzy-SC-a-IPSC-thumb.png\" title=\"r\u00f3\u017cnice mi\u0119dzy SC a IPSC\" alt=\"r\u00f3\u017cnice mi\u0119dzy SC a IPSC\" data-ext=\"pdf\"\/>\n         <span class=\"title\">r\u00f3\u017cnice mi\u0119dzy SC a IPSC<\/span>\n      <\/a>\n   <\/div>\n   <p>The table shows the basic differences between IPSC and Steel Challenge (PL).<\/p>\n<\/div>\n<div class='document-icon-row descriptions'>\n   <div class=\"document-icon\">\n      <a href=\"https:\/\/steelchallenge.pl\/wp-content\/uploads\/2022\/01\/USPSA_Production_List.pdf\" target=\"_blank\">\n         <img src=\"https:\/\/steelchallenge.pl\/wp-content\/uploads\/2022\/01\/USPSA_Production_List-thumb.png\" title=\"USPSA_Production_List\" alt=\"USPSA_Production_List\" data-ext=\"pdf\"\/>\n         <span class=\"title\">USPSA_Production_List<\/span>\n      <\/a>\n   <\/div>\n   <p>List of handguns approved for the Production division of the USPSA.<\/p>\n<\/div>\n<\/div>","protected":false},"excerpt":{"rendered":"<p>Below you will find the original US Steel Challenge rules, my PL translation, the table of differences between the IPSC and the Steel Challenge (in Polish), and the list of Production USPSA handguns.<\/p>","protected":false},"author":1,"featured_media":0,"parent":0,"menu_order":0,"comment_status":"closed","ping_status":"closed","template":"","meta":{"ngg_post_thumbnail":0},"_links":{"self":[{"href":"https:\/\/steelchallenge.pl\/en\/wp-json\/wp\/v2\/pages\/316"}],"collection":[{"href":"https:\/\/steelchallenge.pl\/en\/wp-json\/wp\/v2\/pages"}],"about":[{"href":"https:\/\/steelchallenge.pl\/en\/wp-json\/wp\/v2\/types\/page"}],"author":[{"embeddable":true,"href":"https:\/\/steelchallenge.pl\/en\/wp-json\/wp\/v2\/users\/1"}],"replies":[{"embeddable":true,"href":"https:\/\/steelchallenge.pl\/en\/wp-json\/wp\/v2\/comments?post=316"}],"version-history":[{"count":7,"href":"https:\/\/steelchallenge.pl\/en\/wp-json\/wp\/v2\/pages\/316\/revisions"}],"predecessor-version":[{"id":1099,"href":"https:\/\/steelchallenge.pl\/en\/wp-json\/wp\/v2\/pages\/316\/revisions\/1099"}],"wp:attachment":[{"href":"https:\/\/steelchallenge.pl\/en\/wp-json\/wp\/v2\/media?parent=316"}],"curies":[{"name":"wp","href":"https:\/\/api.w.org\/{rel}","templated":true}]}}