{"id":2,"date":"2020-10-16T15:13:15","date_gmt":"2020-10-16T15:13:15","guid":{"rendered":"http:\/\/steelchallenge.pl\/?page_id=2"},"modified":"2020-10-17T08:55:28","modified_gmt":"2020-10-17T08:55:28","slug":"aboutsc","status":"publish","type":"page","link":"https:\/\/steelchallenge.pl\/en\/aboutsc\/","title":{"rendered":"ABOUT STEEL CHALLENGE"},"content":{"rendered":"<figure class=\"wp-block-embed-youtube wp-block-embed is-type-video is-provider-youtube wp-embed-aspect-16-9 wp-has-aspect-ratio\"><div class=\"wp-block-embed__wrapper\">\n<iframe width=\"750\" height=\"422\" src=\"https:\/\/www.youtube.com\/embed\/8fzIDnnVW2I?feature=oembed\" frameborder=\"0\" allow=\"accelerometer; autoplay; clipboard-write; encrypted-media; gyroscope; picture-in-picture\" allowfullscreen><\/iframe>\n<\/div><figcaption><a href=\"https:\/\/www.youtube.com\/channel\/UCgxAhkmXrdlFAsUsutivGDw\"><strong>Our competition strings at my Youtube channel<\/strong><\/a><\/figcaption><\/figure>\n\n\n<p style=\"text-align: center;\"><strong>The Steel Challenge is a dynamic shooting competition established in 1981, supervised by the Steel Challenge Shooting Association (SCSA), which consists of eight standard stages with metal targets in three sizes; small round, large round and rectangular. Competitiors are scored solely on the time they take to complete each stage, and the winner of the match is the player with the lowest total time for the entire match.<\/strong><\/p>\n<p style=\"text-align: center;\"><strong>Steel Challenge has many similarities to IPSC but is in a more TV and viewer friendly format due to simpler rules and the same stages. For this reason, the Steel Challenge has become a venue for setting and breaking speed records. <span style=\"color: #ff0000;\">Competitors can also use rimfire pistols and rifles (.22lr), which also allows children to compete. People in wheelchairs are also allowed to start.<\/span><\/strong><\/p>\n<p style=\"text-align: center;\"><strong>The rules are simple: on the timer signal, the competitor will shoot at all five targets on the stage as described in the course of fire, in any order, except that the target on the red pole must be hit last. The competitor performs 5 strings on the track, of which the time of the best 4 is counted. The competitor's score is the total time for all stages. The smaller the better.<\/strong><\/p>\n<p style=\"text-align: center;\"><strong>This does not apply to the Outer Limits stage, where the course of fire description specifies the order of shooting at the targets and the competitor performs 4 strings, of which the time of the best 3 is counted<\/strong><\/p>\n<p style=\"text-align: center;\"><strong>I INVITE YOU TO READ THE RULES:<\/strong><\/p>\n\n\n<div class=\"wp-block-button aligncenter\"><a class=\"wp-block-button__link has-background has-accent-background-color\" href=\"https:\/\/steelchallenge.pl\/en\/przepisy\/\"><strong>STEEL CHALLENGE RULES<\/strong><\/a><\/div>\n\n\n<p style=\"text-align: center;\"><strong>STAGE DIAGRAMS AND DESCRIPTIONS:<\/strong><\/p>\n\n\n<div class=\"wp-block-button aligncenter\"><a class=\"wp-block-button__link has-background has-accent-background-color\"><strong>STAGE DIAGRAMS<\/strong><\/a><\/div>\n\n\n\n<p><\/p>","protected":false},"excerpt":{"rendered":"<p>Steel Challenge to powsta\u0142e w 1981 roku zawody strzelectwa dynamicznego nadzorowane przez Steel Challenge Shooting Association (SCSA), kt\u00f3re sk\u0142adaj\u0105 si\u0119 z o\u015bmiu standardowych tor\u00f3w z metalowymi celami w trzech rozmiarach; ma\u0142e okr\u0105g\u0142e, du\u017ce okr\u0105g\u0142e i prostok\u0105tne. Zawodnicy s\u0105 punktowani wy\u0142\u0105cznie na podstawie czasu, jaki zajmuje im uko\u0144czenie ka\u017cdego toru, a [&hellip;]<\/p>","protected":false},"author":1,"featured_media":0,"parent":0,"menu_order":0,"comment_status":"closed","ping_status":"open","template":"","meta":{"ngg_post_thumbnail":0},"_links":{"self":[{"href":"https:\/\/steelchallenge.pl\/en\/wp-json\/wp\/v2\/pages\/2"}],"collection":[{"href":"https:\/\/steelchallenge.pl\/en\/wp-json\/wp\/v2\/pages"}],"about":[{"href":"https:\/\/steelchallenge.pl\/en\/wp-json\/wp\/v2\/types\/page"}],"author":[{"embeddable":true,"href":"https:\/\/steelchallenge.pl\/en\/wp-json\/wp\/v2\/users\/1"}],"replies":[{"embeddable":true,"href":"https:\/\/steelchallenge.pl\/en\/wp-json\/wp\/v2\/comments?post=2"}],"version-history":[{"count":10,"href":"https:\/\/steelchallenge.pl\/en\/wp-json\/wp\/v2\/pages\/2\/revisions"}],"predecessor-version":[{"id":385,"href":"https:\/\/steelchallenge.pl\/en\/wp-json\/wp\/v2\/pages\/2\/revisions\/385"}],"wp:attachment":[{"href":"https:\/\/steelchallenge.pl\/en\/wp-json\/wp\/v2\/media?parent=2"}],"curies":[{"name":"wp","href":"https:\/\/api.w.org\/{rel}","templated":true}]}}