{"id":1061,"date":"2021-03-14T08:22:22","date_gmt":"2021-03-14T08:22:22","guid":{"rendered":"https:\/\/steelchallenge.pl\/?page_id=1061"},"modified":"2021-03-14T08:24:32","modified_gmt":"2021-03-14T08:24:32","slug":"komunikaty","status":"publish","type":"page","link":"https:\/\/steelchallenge.pl\/en\/komunikaty\/","title":{"rendered":"KOMUNIKATY"},"content":{"rendered":"<p style=\"text-align: center;\"><strong>PONI\u017bEJ ZNAJDZIECIE KOMUNIKATY Z ZAWOD\u00d3W STEEL CHALLENGE, WYS\u0141ANE DO PZSS.<\/strong><\/p>\n\n<!-- Generated using Document Gallery. Get yours here: http:\/\/wordpress.org\/extend\/plugins\/document-gallery -->\n<div id=\"document-gallery-1\" class=\"document-gallery\" data-shortcode='{\"id\":1061,\"include\":\"1069\",\"exclude\":\"\",\"attachment_pg\":false,\"columns\":4,\"descriptions\":true,\"fancy\":true,\"limit\":-1,\"mime_types\":\"application,video,text,audio,image\",\"new_window\":true,\"order\":\"ASC\",\"orderby\":\"post__in\",\"paginate\":true,\"post_status\":\"any\",\"post_type\":\"attachment\",\"relation\":\"AND\",\"skip\":0}'>\n<div class='document-icon-row descriptions'>\n   <div class=\"document-icon\">\n      <a href=\"https:\/\/steelchallenge.pl\/wp-content\/uploads\/2021\/03\/Rezultaty-SC-luty-2021.pdf\" target=\"_blank\">\n         <img src=\"https:\/\/steelchallenge.pl\/wp-content\/uploads\/2021\/03\/Rezultaty-SC-luty-2021-thumb.png\" title=\"Rezultaty SC luty 2021\" alt=\"Rezultaty SC luty 2021\" data-ext=\"pdf\"\/>\n         <span class=\"title\">Rezultaty SC luty 2021<\/span>\n      <\/a>\n   <\/div>\n   <p><\/p>\n<\/div>\n<\/div>","protected":false},"excerpt":{"rendered":"<p>PONI\u017bEJ ZNAJDZIECIE KOMUNIKATY Z ZAWOD\u00d3W STEEL CHALLENGE, WYS\u0141ANE DO PZSS.<\/p>","protected":false},"author":1,"featured_media":0,"parent":0,"menu_order":0,"comment_status":"closed","ping_status":"closed","template":"","meta":{"ngg_post_thumbnail":0},"_links":{"self":[{"href":"https:\/\/steelchallenge.pl\/en\/wp-json\/wp\/v2\/pages\/1061"}],"collection":[{"href":"https:\/\/steelchallenge.pl\/en\/wp-json\/wp\/v2\/pages"}],"about":[{"href":"https:\/\/steelchallenge.pl\/en\/wp-json\/wp\/v2\/types\/page"}],"author":[{"embeddable":true,"href":"https:\/\/steelchallenge.pl\/en\/wp-json\/wp\/v2\/users\/1"}],"replies":[{"embeddable":true,"href":"https:\/\/steelchallenge.pl\/en\/wp-json\/wp\/v2\/comments?post=1061"}],"version-history":[{"count":4,"href":"https:\/\/steelchallenge.pl\/en\/wp-json\/wp\/v2\/pages\/1061\/revisions"}],"predecessor-version":[{"id":1070,"href":"https:\/\/steelchallenge.pl\/en\/wp-json\/wp\/v2\/pages\/1061\/revisions\/1070"}],"wp:attachment":[{"href":"https:\/\/steelchallenge.pl\/en\/wp-json\/wp\/v2\/media?parent=1061"}],"curies":[{"name":"wp","href":"https:\/\/api.w.org\/{rel}","templated":true}]}}